{"id":2,"date":"2009-06-11T10:58:50","date_gmt":"2009-06-11T14:58:50","guid":{"rendered":"http:\/\/www.renatesunko.com\/?page_id=2"},"modified":"2011-07-13T15:10:19","modified_gmt":"2011-07-13T14:10:19","slug":"biografia","status":"publish","type":"page","link":"http:\/\/www.renatesunko.com\/?page_id=2","title":{"rendered":"ACERCA DE RENATE"},"content":{"rendered":"<p><span style=\"font-size:16px;\">&#8230;sus figuras combinan lo que llaman real y lo que denominan imaginario&#8230;Pues quien cree que la realidad consiste en lo cotidiano y concreto est\u00e1 completamente fuera de ella, pues la realidad configurada desde la perspectiva creadora de un hombre es eminentemente decisi\u00f3n dentro de la libertad. El ensue\u00f1o, lo imaginativo o lo fabulador forma parte constitutiva del ser humano&#8230;Renate Sunko lo sabe as\u00ed y hace gravitar en sus creyones esa perspectiva del hacedor que no se queda en el verismo ni en la t\u00e9cnica. Pone su mente a fabular y creo que por esa senda tropezar\u00e1 alg\u00fan d\u00eda con los gnomos mineros. Comprende adem\u00e1s que lo fundamental es el trabajo pues en el arte no se puede improvisar. Para crear hay que romperse el alma como dice el decir. En el alma hermosamente herida, nace el trabajo que convence y conjuga este \u00faltimo verbo porque sue\u00f1a.<\/p>\n<h1>IDA GRAMCKO *<\/h1>\n<p><strong> <\/strong><\/p>\n<h6><strong>* Poeta, ensayista, dramaturga, cuentista y periodista venezolana, Premio Nacional de Literatura 1977 (Venezuela)<\/strong><\/h6>\n","protected":false},"excerpt":{"rendered":"<p>&#8230;sus figuras combinan lo que llaman real y lo que denominan imaginario&#8230;Pues quien cree que la realidad consiste en lo cotidiano y concreto est\u00e1 completamente fuera de ella, pues la realidad configurada desde la perspectiva creadora de un hombre es eminentemente decisi\u00f3n dentro de la libertad. El ensue\u00f1o, lo imaginativo o lo fabulador forma parte [&hellip;]<\/p>\n","protected":false},"author":1,"featured_media":0,"parent":0,"menu_order":1,"comment_status":"open","ping_status":"open","template":"fullwidth_normal.php","meta":{"footnotes":""},"class_list":["post-2","page","type-page","status-publish","hentry"],"aioseo_notices":[],"_links":{"self":[{"href":"http:\/\/www.renatesunko.com\/index.php?rest_route=\/wp\/v2\/pages\/2","targetHints":{"allow":["GET"]}}],"collection":[{"href":"http:\/\/www.renatesunko.com\/index.php?rest_route=\/wp\/v2\/pages"}],"about":[{"href":"http:\/\/www.renatesunko.com\/index.php?rest_route=\/wp\/v2\/types\/page"}],"author":[{"embeddable":true,"href":"http:\/\/www.renatesunko.com\/index.php?rest_route=\/wp\/v2\/users\/1"}],"replies":[{"embeddable":true,"href":"http:\/\/www.renatesunko.com\/index.php?rest_route=%2Fwp%2Fv2%2Fcomments&post=2"}],"version-history":[{"count":30,"href":"http:\/\/www.renatesunko.com\/index.php?rest_route=\/wp\/v2\/pages\/2\/revisions"}],"predecessor-version":[{"id":1746,"href":"http:\/\/www.renatesunko.com\/index.php?rest_route=\/wp\/v2\/pages\/2\/revisions\/1746"}],"wp:attachment":[{"href":"http:\/\/www.renatesunko.com\/index.php?rest_route=%2Fwp%2Fv2%2Fmedia&parent=2"}],"curies":[{"name":"wp","href":"https:\/\/api.w.org\/{rel}","templated":true}]}}